{"id":442,"date":"2025-12-09T17:36:34","date_gmt":"2025-12-09T17:36:34","guid":{"rendered":"https:\/\/elec-qc.com\/?page_id=442"},"modified":"2025-12-15T18:35:18","modified_gmt":"2025-12-15T18:35:18","slug":"nos-services","status":"publish","type":"page","link":"https:\/\/elec-qc.com\/en\/nos-services\/","title":{"rendered":"Services"},"content":{"rendered":"<div data-elementor-type=\"wp-page\" data-elementor-id=\"442\" class=\"elementor elementor-442\">\n\t\t\t\t\t\t<section class=\"elementor-section elementor-top-section elementor-element elementor-element-5d407e73 elementor-section-full_width elementor-section-height-default elementor-section-height-default\" data-id=\"5d407e73\" data-element_type=\"section\">\n\t\t\t\t\t\t<div class=\"elementor-container elementor-column-gap-default\">\n\t\t\t\t\t<div class=\"elementor-column elementor-col-100 elementor-top-column elementor-element elementor-element-9dbcfa\" data-id=\"9dbcfa\" data-element_type=\"column\">\n\t\t\t<div class=\"elementor-widget-wrap elementor-element-populated\">\n\t\t\t\t\t\t<section class=\"elementor-section elementor-inner-section elementor-element elementor-element-7d85ec6b elementor-section-boxed elementor-section-height-default elementor-section-height-default elementor-invisible\" data-id=\"7d85ec6b\" data-element_type=\"section\" data-settings=\"{&quot;background_background&quot;:&quot;classic&quot;,&quot;animation&quot;:&quot;fadeIn&quot;}\">\n\t\t\t\t\t\t<div class=\"elementor-container elementor-column-gap-default\">\n\t\t\t\t\t<div class=\"elementor-column elementor-col-100 elementor-inner-column elementor-element elementor-element-5bd80e7\" data-id=\"5bd80e7\" data-element_type=\"column\" data-settings=\"{&quot;background_background&quot;:&quot;classic&quot;}\">\n\t\t\t<div class=\"elementor-widget-wrap elementor-element-populated\">\n\t\t\t\t\t\t<div class=\"elementor-element elementor-element-d9532ba elementor-invisible elementor-widget elementor-widget-heading\" data-id=\"d9532ba\" data-element_type=\"widget\" data-settings=\"{&quot;_animation&quot;:&quot;fadeInDown&quot;}\" data-widget_type=\"heading.default\">\n\t\t\t\t\t<h2 class=\"elementor-heading-title elementor-size-default\">Services<\/h2>\t\t\t\t<\/div>\n\t\t\t\t<div class=\"elementor-element elementor-element-7592ccc3 elementor-invisible elementor-widget elementor-widget-text-editor\" data-id=\"7592ccc3\" data-element_type=\"widget\" data-settings=\"{&quot;_animation&quot;:&quot;fadeInUp&quot;}\" data-widget_type=\"text-editor.default\">\n\t\t\t\t\t\t\t\t\t<h4><span style=\"color: #ffffff;\"><b>Flexible and smart leasing solutions to modernize your fleet<\/b><\/span><\/h4>\t\t\t\t\t\t\t\t<\/div>\n\t\t\t\t\t<\/div>\n\t\t<\/div>\n\t\t\t\t\t<\/div>\n\t\t<\/section>\n\t\t\t\t\t<\/div>\n\t\t<\/div>\n\t\t\t\t\t<\/div>\n\t\t<\/section>\n\t\t<div class=\"elementor-element elementor-element-2e0986f e-flex e-con-boxed e-con e-parent\" data-id=\"2e0986f\" data-element_type=\"container\" data-settings=\"{&quot;background_background&quot;:&quot;classic&quot;}\">\n\t\t\t\t\t<div class=\"e-con-inner\">\n\t\t\t\t<div class=\"elementor-element elementor-element-ff4967f elementor-widget elementor-widget-heading\" data-id=\"ff4967f\" data-element_type=\"widget\" data-widget_type=\"heading.default\">\n\t\t\t\t\t<h3 class=\"elementor-heading-title elementor-size-default\">At Elec-Qu\u00e9bec, we offer much more than just vehicle rentals.\n<\/h3>\t\t\t\t<\/div>\n\t\t\t\t<div class=\"elementor-element elementor-element-b8793ca elementor-widget elementor-widget-elementskit-heading\" data-id=\"b8793ca\" data-element_type=\"widget\" data-widget_type=\"elementskit-heading.default\">\n\t\t\t\t\t<div class=\"ekit-wid-con\" ><div class=\"ekit-heading elementskit-section-title-wraper text_center   ekit_heading_tablet-   ekit_heading_mobile-\"><h3 class=\"ekit-heading--title elementskit-section-title\">We support you every step of the way to optimize your commercial fleet, reduce your costs, and facilitate your energy transition.<\/h3><\/div><\/div>\t\t\t\t<\/div>\n\t\t\t\t\t<\/div>\n\t\t\t\t<\/div>\n\t\t<div class=\"elementor-element elementor-element-c84abe6 e-grid e-con-boxed e-con e-parent\" data-id=\"c84abe6\" data-element_type=\"container\">\n\t\t\t\t\t<div class=\"e-con-inner\">\n\t\t<div class=\"elementor-element elementor-element-e255902 e-con-full e-flex e-con e-child\" data-id=\"e255902\" data-element_type=\"container\">\n\t\t\t\t<div class=\"elementor-element elementor-element-3eb4b4f ekit-equal-height-disable elementor-widget elementor-widget-elementskit-icon-box\" data-id=\"3eb4b4f\" data-element_type=\"widget\" data-widget_type=\"elementskit-icon-box.default\">\n\t\t\t\t\t<div class=\"ekit-wid-con\" >        <!-- link opening -->\n                <!-- end link opening -->\n\n        <div class=\"elementskit-infobox text-center text- icon-top-align elementor-animation-\">\n                    <div class=\"elementskit-box-header elementor-animation-\">\n                <div class=\"elementskit-info-box-icon\">\n                    <i aria-hidden=\"true\" class=\"elementkit-infobox-icon icon icon-flash-1\"><\/i>\n                <\/div>\n          <\/div>\n                        <div class=\"box-body\">\n                            <h3 class=\"elementskit-info-box-title\">\n                     Electric and hybrid vehicle rental                <\/h3>\n                                            <\/div>\n        \n        \n                <\/div>\n        <\/div>\t\t\t\t<\/div>\n\t\t\t\t<div class=\"elementor-element elementor-element-a802398 elementor-widget elementor-widget-text-editor\" data-id=\"a802398\" data-element_type=\"widget\" data-widget_type=\"text-editor.default\">\n\t\t\t\t\t\t\t\t\t<p style=\"text-align: left;\">Test, compare, and adopt more economical and cleaner vehicles, without any heavy commitment.<\/p><ul><li style=\"text-align: left;\">100% electric vehicles<\/li><li>Plug-in hybrids and conventional hybrids<\/li><li>Solutions tailored to the actual needs of your teams (mileage, types of trips, payload)<\/li><\/ul><p style=\"text-align: left;\">Ideal for validating what really works before making a complete shift.<\/p>\t\t\t\t\t\t\t\t<\/div>\n\t\t\t\t<\/div>\n\t\t<div class=\"elementor-element elementor-element-1357f4a e-con-full e-flex e-con e-child\" data-id=\"1357f4a\" data-element_type=\"container\">\n\t\t\t\t<div class=\"elementor-element elementor-element-12729d1 ekit-equal-height-disable elementor-widget elementor-widget-elementskit-icon-box\" data-id=\"12729d1\" data-element_type=\"widget\" data-widget_type=\"elementskit-icon-box.default\">\n\t\t\t\t\t<div class=\"ekit-wid-con\" >        <!-- link opening -->\n                <!-- end link opening -->\n\n        <div class=\"elementskit-infobox text-center text- icon-top-align elementor-animation-\">\n                    <div class=\"elementskit-box-header elementor-animation-\">\n                <div class=\"elementskit-info-box-icon\">\n                    <i aria-hidden=\"true\" class=\"elementkit-infobox-icon icon icon-car-1\"><\/i>\n                <\/div>\n          <\/div>\n                        <div class=\"box-body\">\n                            <h3 class=\"elementskit-info-box-title\">\n                     Gasoline vehicle rental (no compromise)                <\/h3>\n                                            <\/div>\n        \n        \n                <\/div>\n        <\/div>\t\t\t\t<\/div>\n\t\t\t\t<div class=\"elementor-element elementor-element-33cd55a elementor-widget elementor-widget-text-editor\" data-id=\"33cd55a\" data-element_type=\"widget\" data-widget_type=\"text-editor.default\">\n\t\t\t\t\t\t\t\t\t<p>Because not all operations can switch to electric yet.<br \/>We offer a fleet of robust and reliable gasoline vehicles for your immediate commercial needs.<br \/>Sans jugement. Sans pression.<\/p>\t\t\t\t\t\t\t\t<\/div>\n\t\t\t\t<\/div>\n\t\t<div class=\"elementor-element elementor-element-6c76d2e e-con-full e-flex e-con e-child\" data-id=\"6c76d2e\" data-element_type=\"container\">\n\t\t\t\t<div class=\"elementor-element elementor-element-13a8db3 ekit-equal-height-disable elementor-widget elementor-widget-elementskit-icon-box\" data-id=\"13a8db3\" data-element_type=\"widget\" data-widget_type=\"elementskit-icon-box.default\">\n\t\t\t\t\t<div class=\"ekit-wid-con\" >        <!-- link opening -->\n                <!-- end link opening -->\n\n        <div class=\"elementskit-infobox text-center text- icon-top-align elementor-animation-\">\n                    <div class=\"elementskit-box-header elementor-animation-\">\n                <div class=\"elementskit-info-box-icon\">\n                    <i aria-hidden=\"true\" class=\"elementkit-infobox-icon icon icon-loupe\"><\/i>\n                <\/div>\n          <\/div>\n                        <div class=\"box-body\">\n                            <h3 class=\"elementskit-info-box-title\">\n                    Energy transition pilot programs                <\/h3>\n                                            <\/div>\n        \n        \n                <\/div>\n        <\/div>\t\t\t\t<\/div>\n\t\t\t\t<div class=\"elementor-element elementor-element-7d11d00 elementor-widget elementor-widget-text-editor\" data-id=\"7d11d00\" data-element_type=\"widget\" data-widget_type=\"text-editor.default\">\n\t\t\t\t\t\t\t\t\t<p>A key service provided by Elec-Qu\u00e9bec.<br \/>We enable you to test different types of vehicles directly in your operations:<\/p><ul><li>Extended trials<\/li><li>Assessment of actual autonomy<\/li><li>Analysis of usage costs<\/li><li>Comparison between models<\/li><\/ul><p>You make decisions based on facts, not assumptions.<\/p>\t\t\t\t\t\t\t\t<\/div>\n\t\t\t\t<\/div>\n\t\t<div class=\"elementor-element elementor-element-d0bd1ff e-con-full e-flex e-con e-child\" data-id=\"d0bd1ff\" data-element_type=\"container\">\n\t\t\t\t<div class=\"elementor-element elementor-element-7c5dff2 ekit-equal-height-disable elementor-widget elementor-widget-elementskit-icon-box\" data-id=\"7c5dff2\" data-element_type=\"widget\" data-widget_type=\"elementskit-icon-box.default\">\n\t\t\t\t\t<div class=\"ekit-wid-con\" >        <!-- link opening -->\n                <!-- end link opening -->\n\n        <div class=\"elementskit-infobox text-center text- icon-top-align elementor-animation-\">\n                    <div class=\"elementskit-box-header elementor-animation-\">\n                <div class=\"elementskit-info-box-icon\">\n                    <i aria-hidden=\"true\" class=\"elementkit-infobox-icon icon icon-stats-5\"><\/i>\n                <\/div>\n          <\/div>\n                        <div class=\"box-body\">\n                            <h3 class=\"elementskit-info-box-title\">\n                    Fuel cost optimization                <\/h3>\n                                            <\/div>\n        \n        \n                <\/div>\n        <\/div>\t\t\t\t<\/div>\n\t\t\t\t<div class=\"elementor-element elementor-element-95c7e47 elementor-widget elementor-widget-text-editor\" data-id=\"95c7e47\" data-element_type=\"widget\" data-widget_type=\"text-editor.default\">\n\t\t\t\t\t\t\t\t\t<p>We analyze your current usage and advise you on the most cost-effective choices to reduce your expenses:<\/p><ul><li>Comparative scenarios (gasoline vs. hybrid vs. electric)<\/li><li>Potential savings quantified<\/li><li>Personalized advice based on your routes, schedules, and usage patterns<\/li><\/ul>\t\t\t\t\t\t\t\t<\/div>\n\t\t\t\t<\/div>\n\t\t<div class=\"elementor-element elementor-element-b462433 e-con-full e-flex e-con e-child\" data-id=\"b462433\" data-element_type=\"container\">\n\t\t\t\t<div class=\"elementor-element elementor-element-e85411c ekit-equal-height-disable elementor-widget elementor-widget-elementskit-icon-box\" data-id=\"e85411c\" data-element_type=\"widget\" data-widget_type=\"elementskit-icon-box.default\">\n\t\t\t\t\t<div class=\"ekit-wid-con\" >        <!-- link opening -->\n                <!-- end link opening -->\n\n        <div class=\"elementskit-infobox text-center text- icon-top-align elementor-animation-\">\n                    <div class=\"elementskit-box-header elementor-animation-\">\n                <div class=\"elementskit-info-box-icon\">\n                    <i aria-hidden=\"true\" class=\"elementkit-infobox-icon icon icon-leaf\"><\/i>\n                <\/div>\n          <\/div>\n                        <div class=\"box-body\">\n                            <h3 class=\"elementskit-info-box-title\">\n                     Reducing the carbon footprint                <\/h3>\n                                            <\/div>\n        \n        \n                <\/div>\n        <\/div>\t\t\t\t<\/div>\n\t\t\t\t<div class=\"elementor-element elementor-element-d9ea6d0 elementor-widget elementor-widget-text-editor\" data-id=\"d9ea6d0\" data-element_type=\"widget\" data-widget_type=\"text-editor.default\">\n\t\t\t\t\t\t\t\t\t<p>No moralizing speeches: only tangible data.<br \/>We offer:<\/p><ul><li>Carbon impact assessments<\/li><li>Progressive transition strategies<\/li><li>Combined gasoline\/hybrid\/electric management<\/li><\/ul><p>Your fleet evolves at your pace.<\/p>\t\t\t\t\t\t\t\t<\/div>\n\t\t\t\t<\/div>\n\t\t<div class=\"elementor-element elementor-element-3be9051 e-con-full e-flex e-con e-child\" data-id=\"3be9051\" data-element_type=\"container\">\n\t\t\t\t<div class=\"elementor-element elementor-element-bbf66fd ekit-equal-height-disable elementor-widget elementor-widget-elementskit-icon-box\" data-id=\"bbf66fd\" data-element_type=\"widget\" data-widget_type=\"elementskit-icon-box.default\">\n\t\t\t\t\t<div class=\"ekit-wid-con\" >        <!-- link opening -->\n                <!-- end link opening -->\n\n        <div class=\"elementskit-infobox text-center text- icon-top-align elementor-animation-\">\n                    <div class=\"elementskit-box-header elementor-animation-\">\n                <div class=\"elementskit-info-box-icon\">\n                    <svg aria-hidden=\"true\" class=\"elementkit-infobox-icon e-font-icon-svg e-far-compass\" viewbox=\"0 0 496 512\" xmlns=\"http:\/\/www.w3.org\/2000\/svg\"><path d=\"M347.94 129.86L203.6 195.83a31.938 31.938 0 0 0-15.77 15.77l-65.97 144.34c-7.61 16.65 9.54 33.81 26.2 26.2l144.34-65.97a31.938 31.938 0 0 0 15.77-15.77l65.97-144.34c7.61-16.66-9.54-33.81-26.2-26.2zm-77.36 148.72c-12.47 12.47-32.69 12.47-45.16 0-12.47-12.47-12.47-32.69 0-45.16 12.47-12.47 32.69-12.47 45.16 0 12.47 12.47 12.47 32.69 0 45.16zM248 8C111.03 8 0 119.03 0 256s111.03 248 248 248 248-111.03 248-248S384.97 8 248 8zm0 448c-110.28 0-200-89.72-200-200S137.72 56 248 56s200 89.72 200 200-89.72 200-200 200z\"><\/path><\/svg>\n                <\/div>\n          <\/div>\n                        <div class=\"box-body\">\n                            <h3 class=\"elementskit-info-box-title\">\n                    Comprehensive support for fleet managers                <\/h3>\n                                            <\/div>\n        \n        \n                <\/div>\n        <\/div>\t\t\t\t<\/div>\n\t\t\t\t<div class=\"elementor-element elementor-element-47c8ad8 elementor-widget elementor-widget-text-editor\" data-id=\"47c8ad8\" data-element_type=\"widget\" data-widget_type=\"text-editor.default\">\n\t\t\t\t\t\t\t\t\t<p>We help you simplify day-to-day management:<\/p><ul><li aria-level=\"1\">Tracking your vehicles<\/li><\/ul><ul><li aria-level=\"1\">Logistical support<\/li><\/ul><ul><li aria-level=\"1\">Recommendations tailored to your operations<\/li><li aria-level=\"1\">Support for the gradual integration of new technologies<\/li><\/ul>\t\t\t\t\t\t\t\t<\/div>\n\t\t\t\t<\/div>\n\t\t\t\t\t<\/div>\n\t\t\t\t<\/div>\n\t\t\t\t<\/div>","protected":false},"excerpt":{"rendered":"<p>Nos Services Des solutions de location flexibles et intelligentes pour moderniser votre flotte Chez Elec-Qu\u00e9bec, nous offrons bien plus qu\u2019une simple location de v\u00e9hicules. Nous vous accompagnons dans chaque \u00e9tape afin d\u2019optimiser votre flotte commerciale, r\u00e9duire vos co\u00fbts et faciliter votre transition \u00e9nerg\u00e9tique.\u200b Location de v\u00e9hicules \u00e9lectriques et hybrides Testez, comparez et adoptez des v\u00e9hicules [&hellip;]<\/p>","protected":false},"author":1,"featured_media":0,"parent":0,"menu_order":0,"comment_status":"closed","ping_status":"closed","template":"","meta":{"footnotes":""},"class_list":["post-442","page","type-page","status-publish","hentry"],"_hostinger_reach_plugin_has_subscription_block":false,"_hostinger_reach_plugin_is_elementor":false,"_links":{"self":[{"href":"https:\/\/elec-qc.com\/en\/wp-json\/wp\/v2\/pages\/442","targetHints":{"allow":["GET"]}}],"collection":[{"href":"https:\/\/elec-qc.com\/en\/wp-json\/wp\/v2\/pages"}],"about":[{"href":"https:\/\/elec-qc.com\/en\/wp-json\/wp\/v2\/types\/page"}],"author":[{"embeddable":true,"href":"https:\/\/elec-qc.com\/en\/wp-json\/wp\/v2\/users\/1"}],"replies":[{"embeddable":true,"href":"https:\/\/elec-qc.com\/en\/wp-json\/wp\/v2\/comments?post=442"}],"version-history":[{"count":64,"href":"https:\/\/elec-qc.com\/en\/wp-json\/wp\/v2\/pages\/442\/revisions"}],"predecessor-version":[{"id":915,"href":"https:\/\/elec-qc.com\/en\/wp-json\/wp\/v2\/pages\/442\/revisions\/915"}],"wp:attachment":[{"href":"https:\/\/elec-qc.com\/en\/wp-json\/wp\/v2\/media?parent=442"}],"curies":[{"name":"wp","href":"https:\/\/api.w.org\/{rel}","templated":true}]}}